{"id":8938,"date":"2023-07-11T19:26:24","date_gmt":"2023-07-11T17:26:24","guid":{"rendered":"https:\/\/www.testjg.es\/?post_type=product&#038;p=8938"},"modified":"2023-07-11T19:29:35","modified_gmt":"2023-07-11T17:29:35","slug":"saas-manttest-gener-maig-tc-i-bp","status":"publish","type":"product","link":"https:\/\/www.testjg.es\/en\/producto\/saas-manttest-gener-maig-tc-i-bp\/","title":{"rendered":"SaaS MantTEST Gener-Maig TC i BP"},"content":{"rendered":"","protected":false},"excerpt":{"rendered":"<p>Retenci\u00f3n facturaci\u00f3n primer semestre 2023 MantTEST Panam\u00e0<\/p>\n","protected":false},"featured_media":7750,"template":"","meta":{"_acf_changed":false},"product_brand":[],"product_cat":[324],"product_tag":[],"class_list":{"0":"post-8938","1":"product","2":"type-product","3":"status-publish","4":"has-post-thumbnail","6":"product_cat-sin-categorizar","8":"first","9":"instock","10":"virtual","11":"purchasable","12":"product-type-simple"},"acf":[],"yoast_head":"<!-- This site is optimized with the Yoast SEO plugin v24.3 - https:\/\/yoast.com\/wordpress\/plugins\/seo\/ -->\n<title>SaaS MantTEST Gener-Maig TC i BP - TEST JG<\/title>\n<meta name=\"robots\" content=\"noindex, follow\" \/>\n<meta property=\"og:locale\" content=\"en_US\" \/>\n<meta property=\"og:type\" content=\"article\" \/>\n<meta property=\"og:title\" content=\"SaaS MantTEST Gener-Maig TC i BP - TEST JG\" \/>\n<meta property=\"og:description\" content=\"Retenci\u00f3n facturaci\u00f3n primer semestre 2023 MantTEST Panam\u00e0\" \/>\n<meta property=\"og:url\" content=\"https:\/\/www.testjg.es\/producto\/saas-manttest-gener-maig-tc-i-bp\/\" \/>\n<meta property=\"og:site_name\" content=\"TEST JG\" \/>\n<meta property=\"article:modified_time\" content=\"2023-07-11T17:29:35+00:00\" \/>\n<meta name=\"twitter:card\" content=\"summary_large_image\" \/>\n<script type=\"application\/ld+json\" class=\"yoast-schema-graph\">{\"@context\":\"https:\/\/schema.org\",\"@graph\":[{\"@type\":\"WebPage\",\"@id\":\"https:\/\/www.testjg.es\/producto\/saas-manttest-gener-maig-tc-i-bp\/\",\"url\":\"https:\/\/www.testjg.es\/producto\/saas-manttest-gener-maig-tc-i-bp\/\",\"name\":\"SaaS MantTEST Gener-Maig TC i BP - TEST JG\",\"isPartOf\":{\"@id\":\"https:\/\/www.testjg.es\/en\/#website\"},\"primaryImageOfPage\":{\"@id\":\"https:\/\/www.testjg.es\/producto\/saas-manttest-gener-maig-tc-i-bp\/#primaryimage\"},\"image\":{\"@id\":\"https:\/\/www.testjg.es\/producto\/saas-manttest-gener-maig-tc-i-bp\/#primaryimage\"},\"thumbnailUrl\":\"https:\/\/www.testjg.es\/wp-content\/uploads\/2022\/08\/Symbol-MantTEST.svg\",\"datePublished\":\"2023-07-11T17:26:24+00:00\",\"dateModified\":\"2023-07-11T17:29:35+00:00\",\"breadcrumb\":{\"@id\":\"https:\/\/www.testjg.es\/producto\/saas-manttest-gener-maig-tc-i-bp\/#breadcrumb\"},\"inLanguage\":\"en-US\",\"potentialAction\":[{\"@type\":\"ReadAction\",\"target\":[\"https:\/\/www.testjg.es\/producto\/saas-manttest-gener-maig-tc-i-bp\/\"]}]},{\"@type\":\"ImageObject\",\"inLanguage\":\"en-US\",\"@id\":\"https:\/\/www.testjg.es\/producto\/saas-manttest-gener-maig-tc-i-bp\/#primaryimage\",\"url\":\"https:\/\/www.testjg.es\/wp-content\/uploads\/2022\/08\/Symbol-MantTEST.svg\",\"contentUrl\":\"https:\/\/www.testjg.es\/wp-content\/uploads\/2022\/08\/Symbol-MantTEST.svg\",\"width\":49.923,\"height\":51.836},{\"@type\":\"BreadcrumbList\",\"@id\":\"https:\/\/www.testjg.es\/producto\/saas-manttest-gener-maig-tc-i-bp\/#breadcrumb\",\"itemListElement\":[{\"@type\":\"ListItem\",\"position\":1,\"name\":\"Portada\",\"item\":\"https:\/\/www.testjg.es\/en\/\"},{\"@type\":\"ListItem\",\"position\":2,\"name\":\"Shop\",\"item\":\"https:\/\/www.testjg.es\/en\/shop\/\"},{\"@type\":\"ListItem\",\"position\":3,\"name\":\"SaaS MantTEST Gener-Maig TC i BP\"}]},{\"@type\":\"WebSite\",\"@id\":\"https:\/\/www.testjg.es\/en\/#website\",\"url\":\"https:\/\/www.testjg.es\/en\/\",\"name\":\"TEST JG\",\"description\":\"\",\"potentialAction\":[{\"@type\":\"SearchAction\",\"target\":{\"@type\":\"EntryPoint\",\"urlTemplate\":\"https:\/\/www.testjg.es\/en\/?s={search_term_string}\"},\"query-input\":{\"@type\":\"PropertyValueSpecification\",\"valueRequired\":true,\"valueName\":\"search_term_string\"}}],\"inLanguage\":\"en-US\"}]}<\/script>\n<!-- \/ Yoast SEO plugin. -->","yoast_head_json":{"title":"SaaS MantTEST Gener-Maig TC i BP - TEST JG","robots":{"index":"noindex","follow":"follow"},"og_locale":"en_US","og_type":"article","og_title":"SaaS MantTEST Gener-Maig TC i BP - TEST JG","og_description":"Retenci\u00f3n facturaci\u00f3n primer semestre 2023 MantTEST Panam\u00e0","og_url":"https:\/\/www.testjg.es\/producto\/saas-manttest-gener-maig-tc-i-bp\/","og_site_name":"TEST JG","article_modified_time":"2023-07-11T17:29:35+00:00","twitter_card":"summary_large_image","schema":{"@context":"https:\/\/schema.org","@graph":[{"@type":"WebPage","@id":"https:\/\/www.testjg.es\/producto\/saas-manttest-gener-maig-tc-i-bp\/","url":"https:\/\/www.testjg.es\/producto\/saas-manttest-gener-maig-tc-i-bp\/","name":"SaaS MantTEST Gener-Maig TC i BP - TEST JG","isPartOf":{"@id":"https:\/\/www.testjg.es\/en\/#website"},"primaryImageOfPage":{"@id":"https:\/\/www.testjg.es\/producto\/saas-manttest-gener-maig-tc-i-bp\/#primaryimage"},"image":{"@id":"https:\/\/www.testjg.es\/producto\/saas-manttest-gener-maig-tc-i-bp\/#primaryimage"},"thumbnailUrl":"https:\/\/www.testjg.es\/wp-content\/uploads\/2022\/08\/Symbol-MantTEST.svg","datePublished":"2023-07-11T17:26:24+00:00","dateModified":"2023-07-11T17:29:35+00:00","breadcrumb":{"@id":"https:\/\/www.testjg.es\/producto\/saas-manttest-gener-maig-tc-i-bp\/#breadcrumb"},"inLanguage":"en-US","potentialAction":[{"@type":"ReadAction","target":["https:\/\/www.testjg.es\/producto\/saas-manttest-gener-maig-tc-i-bp\/"]}]},{"@type":"ImageObject","inLanguage":"en-US","@id":"https:\/\/www.testjg.es\/producto\/saas-manttest-gener-maig-tc-i-bp\/#primaryimage","url":"https:\/\/www.testjg.es\/wp-content\/uploads\/2022\/08\/Symbol-MantTEST.svg","contentUrl":"https:\/\/www.testjg.es\/wp-content\/uploads\/2022\/08\/Symbol-MantTEST.svg","width":49.923,"height":51.836},{"@type":"BreadcrumbList","@id":"https:\/\/www.testjg.es\/producto\/saas-manttest-gener-maig-tc-i-bp\/#breadcrumb","itemListElement":[{"@type":"ListItem","position":1,"name":"Portada","item":"https:\/\/www.testjg.es\/en\/"},{"@type":"ListItem","position":2,"name":"Shop","item":"https:\/\/www.testjg.es\/en\/shop\/"},{"@type":"ListItem","position":3,"name":"SaaS MantTEST Gener-Maig TC i BP"}]},{"@type":"WebSite","@id":"https:\/\/www.testjg.es\/en\/#website","url":"https:\/\/www.testjg.es\/en\/","name":"TEST JG","description":"","potentialAction":[{"@type":"SearchAction","target":{"@type":"EntryPoint","urlTemplate":"https:\/\/www.testjg.es\/en\/?s={search_term_string}"},"query-input":{"@type":"PropertyValueSpecification","valueRequired":true,"valueName":"search_term_string"}}],"inLanguage":"en-US"}]}},"_links":{"self":[{"href":"https:\/\/www.testjg.es\/en\/wp-json\/wp\/v2\/product\/8938","targetHints":{"allow":["GET"]}}],"collection":[{"href":"https:\/\/www.testjg.es\/en\/wp-json\/wp\/v2\/product"}],"about":[{"href":"https:\/\/www.testjg.es\/en\/wp-json\/wp\/v2\/types\/product"}],"wp:featuredmedia":[{"embeddable":true,"href":"https:\/\/www.testjg.es\/en\/wp-json\/wp\/v2\/media\/7750"}],"wp:attachment":[{"href":"https:\/\/www.testjg.es\/en\/wp-json\/wp\/v2\/media?parent=8938"}],"wp:term":[{"taxonomy":"product_brand","embeddable":true,"href":"https:\/\/www.testjg.es\/en\/wp-json\/wp\/v2\/product_brand?post=8938"},{"taxonomy":"product_cat","embeddable":true,"href":"https:\/\/www.testjg.es\/en\/wp-json\/wp\/v2\/product_cat?post=8938"},{"taxonomy":"product_tag","embeddable":true,"href":"https:\/\/www.testjg.es\/en\/wp-json\/wp\/v2\/product_tag?post=8938"}],"curies":[{"name":"wp","href":"https:\/\/api.w.org\/{rel}","templated":true}]}}